{"id":7512,"date":"2025-02-22T15:33:43","date_gmt":"2025-02-22T15:33:43","guid":{"rendered":"https:\/\/montylitfest.com\/?page_id=7512"},"modified":"2025-03-26T14:09:37","modified_gmt":"2025-03-26T14:09:37","slug":"2025-saturday-10-00am-jonathan-coe","status":"publish","type":"page","link":"https:\/\/montylitfest.com\/?page_id=7512","title":{"rendered":"2025 Saturday &#8211; 10.00am Jonathan Coe"},"content":{"rendered":"\t\t<div data-elementor-type=\"wp-page\" data-elementor-id=\"7512\" class=\"elementor elementor-7512\">\n\t\t\t\t\t\t<section class=\"elementor-section elementor-top-section elementor-element elementor-element-bba3989 elementor-section-boxed elementor-section-height-default elementor-section-height-default\" data-id=\"bba3989\" data-element_type=\"section\" data-e-type=\"section\">\n\t\t\t\t\t\t<div class=\"elementor-container elementor-column-gap-default\">\n\t\t\t\t\t<div class=\"elementor-column elementor-col-100 elementor-top-column elementor-element elementor-element-d569584\" data-id=\"d569584\" data-element_type=\"column\" data-e-type=\"column\">\n\t\t\t<div class=\"elementor-widget-wrap elementor-element-populated\">\n\t\t\t\t\t\t<div class=\"elementor-element elementor-element-c52e4d7 elementor-widget elementor-widget-text-editor\" data-id=\"c52e4d7\" data-element_type=\"widget\" data-e-type=\"widget\" data-widget_type=\"text-editor.default\">\n\t\t\t\t<div class=\"elementor-widget-container\">\n\t\t\t\t\t\t\t\t\t<p><span style=\"color: #564664; font-size: 26px; font-weight: bold; white-space: pre-wrap;\">\u00a0<\/span><\/p><p><span style=\"color: #564664;\"><span style=\"font-size: 26px; white-space-collapse: preserve;\"><b>In conversation with Jonathan Coe<\/b><\/span><\/span><\/p><p><span style=\"color: #564664;\"><span style=\"font-size: 26px; white-space-collapse: preserve;\"><b>with Michele O&#8217;Leary<\/b><\/span><\/span><\/p>\t\t\t\t\t\t\t\t<\/div>\n\t\t\t\t<\/div>\n\t\t\t\t\t<\/div>\n\t\t<\/div>\n\t\t\t\t\t<\/div>\n\t\t<\/section>\n\t\t\t\t<section class=\"elementor-section elementor-top-section elementor-element elementor-element-78392df elementor-section-boxed elementor-section-height-default elementor-section-height-default\" data-id=\"78392df\" data-element_type=\"section\" data-e-type=\"section\">\n\t\t\t\t\t\t<div class=\"elementor-container elementor-column-gap-default\">\n\t\t\t\t\t<div class=\"elementor-column elementor-col-100 elementor-top-column elementor-element elementor-element-3b13f02\" data-id=\"3b13f02\" data-element_type=\"column\" data-e-type=\"column\">\n\t\t\t<div class=\"elementor-widget-wrap elementor-element-populated\">\n\t\t\t\t\t\t<div class=\"elementor-element elementor-element-0aef8cc elementor-widget elementor-widget-image\" data-id=\"0aef8cc\" data-element_type=\"widget\" data-e-type=\"widget\" data-widget_type=\"image.default\">\n\t\t\t\t<div class=\"elementor-widget-container\">\n\t\t\t\t\t\t\t\t\t\t\t\t\t\t\t<img fetchpriority=\"high\" decoding=\"async\" width=\"768\" height=\"497\" src=\"https:\/\/montylitfest.com\/wp-content\/uploads\/2025\/02\/Saturday-10.00am-Jonathan-Coe-768x497.png\" class=\"attachment-medium_large size-medium_large wp-image-7482\" alt=\"\" srcset=\"https:\/\/montylitfest.com\/wp-content\/uploads\/2025\/02\/Saturday-10.00am-Jonathan-Coe-768x497.png 768w, https:\/\/montylitfest.com\/wp-content\/uploads\/2025\/02\/Saturday-10.00am-Jonathan-Coe-300x194.png 300w, https:\/\/montylitfest.com\/wp-content\/uploads\/2025\/02\/Saturday-10.00am-Jonathan-Coe.png 922w\" sizes=\"(max-width: 768px) 100vw, 768px\" \/>\t\t\t\t\t\t\t\t\t\t\t\t\t\t\t<\/div>\n\t\t\t\t<\/div>\n\t\t\t\t\t<\/div>\n\t\t<\/div>\n\t\t\t\t\t<\/div>\n\t\t<\/section>\n\t\t\t\t<section class=\"elementor-section elementor-top-section elementor-element elementor-element-891929b elementor-section-boxed elementor-section-height-default elementor-section-height-default\" data-id=\"891929b\" data-element_type=\"section\" data-e-type=\"section\">\n\t\t\t\t\t\t<div class=\"elementor-container elementor-column-gap-default\">\n\t\t\t\t\t<div class=\"elementor-column elementor-col-100 elementor-top-column elementor-element elementor-element-7e4f518\" data-id=\"7e4f518\" data-element_type=\"column\" data-e-type=\"column\">\n\t\t\t<div class=\"elementor-widget-wrap elementor-element-populated\">\n\t\t\t\t\t\t<div class=\"elementor-element elementor-element-ec1d579 elementor-widget elementor-widget-text-editor\" data-id=\"ec1d579\" data-element_type=\"widget\" data-e-type=\"widget\" data-widget_type=\"text-editor.default\">\n\t\t\t\t<div class=\"elementor-widget-container\">\n\t\t\t\t\t\t\t\t\t<p><strong>Date:\u00a0 Saturday 7th June 2025<\/strong><\/p><p><strong>Venue:\u00a0 Montgomery Town Hall<\/strong><\/p><p><strong>Time:\u00a0 10.00-10.45am<\/strong><\/p><p><strong>Tickets:\u00a0 \u00a39.00<\/strong><\/p>\t\t\t\t\t\t\t\t<\/div>\n\t\t\t\t<\/div>\n\t\t\t\t<div class=\"elementor-element elementor-element-a09c229 elementor-widget elementor-widget-text-editor\" data-id=\"a09c229\" data-element_type=\"widget\" data-e-type=\"widget\" data-widget_type=\"text-editor.default\">\n\t\t\t\t<div class=\"elementor-widget-container\">\n\t\t\t\t\t\t\t\t\t<p>Monty Lit Fest is delighted to welcome to Montgomeryshire the award-winning, bestselling author, Jonathan Coe.<\/p><p>Join us to hear about his writing life as the author of satirical, often funny books that explore the best and worst of British social and political life, including the much-loved <em>The Rotters&#8217; Club, Middle England, Bournville <\/em>and 2024\u2019s <em>The Proof of My Innocence<\/em>, a cosy crime mystery &#8211; but not, of course, as we know it.<\/p><p><strong>\u00a0<\/strong><strong>Jonathan Coe<\/strong> was born in Birmingham in 1961. He is the award-winning, bestselling author of novels that include\u00a0<em>What a Carve Up!; The Rotters\u2019 Club; Middle England; Bournville<\/em> and 2024\u2019s <em>The Proof of My Innocence<\/em>. He has won\u00a0the Costa Novel Award, the Prix du Livre Europ\u00e9en, the John Llewellyn Rhys Prize, the Prix M\u00e9dicis \u00c9tranger and the Bollinger Everyman Wodehouse Prize, among many others. He is a Fellow of the Royal Society of Literature and an Officier de l&#8217;Ordre des Arts et des Lettres. His work has been translated into 22 languages.\u00a0<em>Suspended Moment<\/em>, an album of his musical compositions recorded live in Italy, was released on the British Progressive Jazz label in 2023.<\/p><p><strong>Michele O\u2019Leary<\/strong> is now retired and living in Pembrokeshire, but for 41 years she practised as a barrister and, for the last 21, sat as a fee-paid judge at the Central Family Court in London. She became a Master of the Bench of Lincoln\u2019s Inn in 2007 and has been heavily involved in advocacy training in the UK and internationally. She continues to teach advocacy in Keble College and Lincoln\u2019s Inn and enjoys being close to the Irish Sea. Preferably only in it in the summer. She has known Jonathan Coe since they both had real colour in their hair.<\/p>\t\t\t\t\t\t\t\t<\/div>\n\t\t\t\t<\/div>\n\t\t\t\t\t<\/div>\n\t\t<\/div>\n\t\t\t\t\t<\/div>\n\t\t<\/section>\n\t\t\t\t<section class=\"elementor-section elementor-top-section elementor-element elementor-element-bd7df74 elementor-section-boxed elementor-section-height-default elementor-section-height-default\" data-id=\"bd7df74\" data-element_type=\"section\" data-e-type=\"section\">\n\t\t\t\t\t\t<div class=\"elementor-container elementor-column-gap-default\">\n\t\t\t\t\t<div class=\"elementor-column elementor-col-100 elementor-top-column elementor-element elementor-element-2653d96\" data-id=\"2653d96\" data-element_type=\"column\" data-e-type=\"column\">\n\t\t\t<div class=\"elementor-widget-wrap elementor-element-populated\">\n\t\t\t\t\t\t<div class=\"elementor-element elementor-element-e42ae77 elementor-align-center elementor-widget elementor-widget-button\" data-id=\"e42ae77\" data-element_type=\"widget\" data-e-type=\"widget\" data-widget_type=\"button.default\">\n\t\t\t\t<div class=\"elementor-widget-container\">\n\t\t\t\t\t\t\t\t\t<div class=\"elementor-button-wrapper\">\n\t\t\t\t\t<a class=\"elementor-button elementor-button-link elementor-size-sm\" href=\"https:\/\/ticketlab.co.uk\/event\/id\/30730#\/\" target=\"_blank\">\n\t\t\t\t\t\t<span class=\"elementor-button-content-wrapper\">\n\t\t\t\t\t\t\t\t\t<span class=\"elementor-button-text\">BUY TICKETS<\/span>\n\t\t\t\t\t<\/span>\n\t\t\t\t\t<\/a>\n\t\t\t\t<\/div>\n\t\t\t\t\t\t\t\t<\/div>\n\t\t\t\t<\/div>\n\t\t\t\t\t<\/div>\n\t\t<\/div>\n\t\t\t\t\t<\/div>\n\t\t<\/section>\n\t\t\t\t<section class=\"elementor-section elementor-top-section elementor-element elementor-element-5847e53 elementor-section-boxed elementor-section-height-default elementor-section-height-default\" data-id=\"5847e53\" data-element_type=\"section\" data-e-type=\"section\">\n\t\t\t\t\t\t<div class=\"elementor-container elementor-column-gap-default\">\n\t\t\t\t\t<div class=\"elementor-column elementor-col-100 elementor-top-column elementor-element elementor-element-91201c1\" data-id=\"91201c1\" data-element_type=\"column\" data-e-type=\"column\">\n\t\t\t<div class=\"elementor-widget-wrap elementor-element-populated\">\n\t\t\t\t\t\t<div class=\"elementor-element elementor-element-67736bb elementor-widget elementor-widget-text-editor\" data-id=\"67736bb\" data-element_type=\"widget\" data-e-type=\"widget\" data-widget_type=\"text-editor.default\">\n\t\t\t\t<div class=\"elementor-widget-container\">\n\t\t\t\t\t\t\t\t\t<p><a href=\"https:\/\/montylitfest.com\/?page_id=7655\" target=\"_blank\" rel=\"noopener\"><strong>Back to programme listing<\/strong><\/a><\/p>\t\t\t\t\t\t\t\t<\/div>\n\t\t\t\t<\/div>\n\t\t\t\t\t<\/div>\n\t\t<\/div>\n\t\t\t\t\t<\/div>\n\t\t<\/section>\n\t\t\t\t<\/div>\n\t\t","protected":false},"excerpt":{"rendered":"<p>\u00a0 In conversation with Jonathan Coe with Michele O&#8217;Leary Date:\u00a0 Saturday 7th June 2025 Venue:\u00a0 Montgomery Town Hall Time:\u00a0 10.00-10.45am Tickets:\u00a0 \u00a39.00 Monty Lit Fest is delighted to welcome to Montgomeryshire the award-winning, bestselling author, Jonathan Coe. Join us to hear about his writing life as the author of satirical, often funny books that explore &hellip;<\/p>\n<p class=\"read-more\"> <a class=\"\" href=\"https:\/\/montylitfest.com\/?page_id=7512\"> <span class=\"screen-reader-text\">2025 Saturday &#8211; 10.00am Jonathan Coe<\/span> Read More &raquo;<\/a><\/p>\n","protected":false},"author":6,"featured_media":0,"parent":0,"menu_order":0,"comment_status":"closed","ping_status":"closed","template":"","meta":{"site-sidebar-layout":"no-sidebar","site-content-layout":"page-builder","ast-global-header-display":"","ast-banner-title-visibility":"","ast-main-header-display":"","ast-hfb-above-header-display":"","ast-hfb-below-header-display":"","ast-hfb-mobile-header-display":"","site-post-title":"disabled","ast-breadcrumbs-content":"","ast-featured-img":"disabled","footer-sml-layout":"","theme-transparent-header-meta":"default","adv-header-id-meta":"","stick-header-meta":"","header-above-stick-meta":"","header-main-stick-meta":"","header-below-stick-meta":"","footnotes":""},"class_list":["post-7512","page","type-page","status-publish","hentry"],"yoast_head":"<!-- This site is optimized with the Yoast SEO Premium plugin v22.1 (Yoast SEO v26.9) - https:\/\/yoast.com\/product\/yoast-seo-premium-wordpress\/ -->\n<title>Monty Lit Fest 2025: In conversation with Jonathan Coe<\/title>\n<meta name=\"description\" content=\"The chance to meet the bestselling and award-winning author of The Rotter\u2019s Club, Middle England and 2024\u2019s The Proof of My Innocence.\" \/>\n<meta name=\"robots\" content=\"index, follow, max-snippet:-1, max-image-preview:large, max-video-preview:-1\" \/>\n<link rel=\"canonical\" href=\"https:\/\/montylitfest.com\/?page_id=7512\" \/>\n<meta property=\"og:locale\" content=\"en_GB\" \/>\n<meta property=\"og:type\" content=\"article\" \/>\n<meta property=\"og:title\" content=\"2025 Saturday - 10.00am Jonathan Coe\" \/>\n<meta property=\"og:description\" content=\"The chance to meet the bestselling and award-winning author of The Rotter\u2019s Club, Middle England and 2024\u2019s The Proof of My Innocence.\" \/>\n<meta property=\"og:url\" content=\"https:\/\/montylitfest.com\/?page_id=7512\" \/>\n<meta property=\"og:site_name\" content=\"Monty Lit Fest - G\u0175yl Ll\u00ean Maldwyn, Montgomeryshire Literary Festival\" \/>\n<meta property=\"article:publisher\" content=\"https:\/\/www.facebook.com\/montylitfest\/\" \/>\n<meta property=\"article:modified_time\" content=\"2025-03-26T14:09:37+00:00\" \/>\n<meta property=\"og:image\" content=\"https:\/\/montylitfest.com\/wp-content\/uploads\/2025\/02\/Saturday-10.00am-Jonathan-Coe.png\" \/>\n\t<meta property=\"og:image:width\" content=\"922\" \/>\n\t<meta property=\"og:image:height\" content=\"597\" \/>\n\t<meta property=\"og:image:type\" content=\"image\/png\" \/>\n<meta name=\"twitter:card\" content=\"summary_large_image\" \/>\n<meta name=\"twitter:site\" content=\"@montylitfest\" \/>\n<meta name=\"twitter:label1\" content=\"Estimated reading time\" \/>\n\t<meta name=\"twitter:data1\" content=\"2 minutes\" \/>\n<script type=\"application\/ld+json\" class=\"yoast-schema-graph\">{\"@context\":\"https:\/\/schema.org\",\"@graph\":[{\"@type\":\"WebPage\",\"@id\":\"https:\/\/montylitfest.com\/?page_id=7512\",\"url\":\"https:\/\/montylitfest.com\/?page_id=7512\",\"name\":\"Monty Lit Fest 2025: In conversation with Jonathan Coe\",\"isPartOf\":{\"@id\":\"https:\/\/montylitfest.com\/#website\"},\"primaryImageOfPage\":{\"@id\":\"https:\/\/montylitfest.com\/?page_id=7512#primaryimage\"},\"image\":{\"@id\":\"https:\/\/montylitfest.com\/?page_id=7512#primaryimage\"},\"thumbnailUrl\":\"https:\/\/montylitfest.com\/wp-content\/uploads\/2025\/02\/Saturday-10.00am-Jonathan-Coe-768x497.png\",\"datePublished\":\"2025-02-22T15:33:43+00:00\",\"dateModified\":\"2025-03-26T14:09:37+00:00\",\"description\":\"The chance to meet the bestselling and award-winning author of The Rotter\u2019s Club, Middle England and 2024\u2019s The Proof of My Innocence.\",\"breadcrumb\":{\"@id\":\"https:\/\/montylitfest.com\/?page_id=7512#breadcrumb\"},\"inLanguage\":\"en-GB\",\"potentialAction\":[{\"@type\":\"ReadAction\",\"target\":[\"https:\/\/montylitfest.com\/?page_id=7512\"]}]},{\"@type\":\"ImageObject\",\"inLanguage\":\"en-GB\",\"@id\":\"https:\/\/montylitfest.com\/?page_id=7512#primaryimage\",\"url\":\"https:\/\/montylitfest.com\/wp-content\/uploads\/2025\/02\/Saturday-10.00am-Jonathan-Coe.png\",\"contentUrl\":\"https:\/\/montylitfest.com\/wp-content\/uploads\/2025\/02\/Saturday-10.00am-Jonathan-Coe.png\",\"width\":922,\"height\":597},{\"@type\":\"BreadcrumbList\",\"@id\":\"https:\/\/montylitfest.com\/?page_id=7512#breadcrumb\",\"itemListElement\":[{\"@type\":\"ListItem\",\"position\":1,\"name\":\"Home\",\"item\":\"https:\/\/montylitfest.com\/\"},{\"@type\":\"ListItem\",\"position\":2,\"name\":\"2025 Saturday &#8211; 10.00am Jonathan Coe\"}]},{\"@type\":\"WebSite\",\"@id\":\"https:\/\/montylitfest.com\/#website\",\"url\":\"https:\/\/montylitfest.com\/\",\"name\":\"Monty Lit Fest - G\u0175yl Ll\u00ean Maldwyn, Montgomeryshire Literary Festival\",\"description\":\"\",\"publisher\":{\"@id\":\"https:\/\/montylitfest.com\/#organization\"},\"potentialAction\":[{\"@type\":\"SearchAction\",\"target\":{\"@type\":\"EntryPoint\",\"urlTemplate\":\"https:\/\/montylitfest.com\/?s={search_term_string}\"},\"query-input\":{\"@type\":\"PropertyValueSpecification\",\"valueRequired\":true,\"valueName\":\"search_term_string\"}}],\"inLanguage\":\"en-GB\"},{\"@type\":\"Organization\",\"@id\":\"https:\/\/montylitfest.com\/#organization\",\"name\":\"Monty Lit Fest\",\"url\":\"https:\/\/montylitfest.com\/\",\"logo\":{\"@type\":\"ImageObject\",\"inLanguage\":\"en-GB\",\"@id\":\"https:\/\/montylitfest.com\/#\/schema\/logo\/image\/\",\"url\":\"https:\/\/montylitfest.com\/wp-content\/uploads\/2022\/03\/MLF-Logo-with-dates.jpg\",\"contentUrl\":\"https:\/\/montylitfest.com\/wp-content\/uploads\/2022\/03\/MLF-Logo-with-dates.jpg\",\"width\":1758,\"height\":770,\"caption\":\"Monty Lit Fest\"},\"image\":{\"@id\":\"https:\/\/montylitfest.com\/#\/schema\/logo\/image\/\"},\"sameAs\":[\"https:\/\/www.facebook.com\/montylitfest\/\",\"https:\/\/x.com\/montylitfest\",\"https:\/\/www.instagram.com\/montylitfest\/\"]}]}<\/script>\n<!-- \/ Yoast SEO Premium plugin. -->","yoast_head_json":{"title":"Monty Lit Fest 2025: In conversation with Jonathan Coe","description":"The chance to meet the bestselling and award-winning author of The Rotter\u2019s Club, Middle England and 2024\u2019s The Proof of My Innocence.","robots":{"index":"index","follow":"follow","max-snippet":"max-snippet:-1","max-image-preview":"max-image-preview:large","max-video-preview":"max-video-preview:-1"},"canonical":"https:\/\/montylitfest.com\/?page_id=7512","og_locale":"en_GB","og_type":"article","og_title":"2025 Saturday - 10.00am Jonathan Coe","og_description":"The chance to meet the bestselling and award-winning author of The Rotter\u2019s Club, Middle England and 2024\u2019s The Proof of My Innocence.","og_url":"https:\/\/montylitfest.com\/?page_id=7512","og_site_name":"Monty Lit Fest - G\u0175yl Ll\u00ean Maldwyn, Montgomeryshire Literary Festival","article_publisher":"https:\/\/www.facebook.com\/montylitfest\/","article_modified_time":"2025-03-26T14:09:37+00:00","og_image":[{"width":922,"height":597,"url":"https:\/\/montylitfest.com\/wp-content\/uploads\/2025\/02\/Saturday-10.00am-Jonathan-Coe.png","type":"image\/png"}],"twitter_card":"summary_large_image","twitter_site":"@montylitfest","twitter_misc":{"Estimated reading time":"2 minutes"},"schema":{"@context":"https:\/\/schema.org","@graph":[{"@type":"WebPage","@id":"https:\/\/montylitfest.com\/?page_id=7512","url":"https:\/\/montylitfest.com\/?page_id=7512","name":"Monty Lit Fest 2025: In conversation with Jonathan Coe","isPartOf":{"@id":"https:\/\/montylitfest.com\/#website"},"primaryImageOfPage":{"@id":"https:\/\/montylitfest.com\/?page_id=7512#primaryimage"},"image":{"@id":"https:\/\/montylitfest.com\/?page_id=7512#primaryimage"},"thumbnailUrl":"https:\/\/montylitfest.com\/wp-content\/uploads\/2025\/02\/Saturday-10.00am-Jonathan-Coe-768x497.png","datePublished":"2025-02-22T15:33:43+00:00","dateModified":"2025-03-26T14:09:37+00:00","description":"The chance to meet the bestselling and award-winning author of The Rotter\u2019s Club, Middle England and 2024\u2019s The Proof of My Innocence.","breadcrumb":{"@id":"https:\/\/montylitfest.com\/?page_id=7512#breadcrumb"},"inLanguage":"en-GB","potentialAction":[{"@type":"ReadAction","target":["https:\/\/montylitfest.com\/?page_id=7512"]}]},{"@type":"ImageObject","inLanguage":"en-GB","@id":"https:\/\/montylitfest.com\/?page_id=7512#primaryimage","url":"https:\/\/montylitfest.com\/wp-content\/uploads\/2025\/02\/Saturday-10.00am-Jonathan-Coe.png","contentUrl":"https:\/\/montylitfest.com\/wp-content\/uploads\/2025\/02\/Saturday-10.00am-Jonathan-Coe.png","width":922,"height":597},{"@type":"BreadcrumbList","@id":"https:\/\/montylitfest.com\/?page_id=7512#breadcrumb","itemListElement":[{"@type":"ListItem","position":1,"name":"Home","item":"https:\/\/montylitfest.com\/"},{"@type":"ListItem","position":2,"name":"2025 Saturday &#8211; 10.00am Jonathan Coe"}]},{"@type":"WebSite","@id":"https:\/\/montylitfest.com\/#website","url":"https:\/\/montylitfest.com\/","name":"Monty Lit Fest - G\u0175yl Ll\u00ean Maldwyn, Montgomeryshire Literary Festival","description":"","publisher":{"@id":"https:\/\/montylitfest.com\/#organization"},"potentialAction":[{"@type":"SearchAction","target":{"@type":"EntryPoint","urlTemplate":"https:\/\/montylitfest.com\/?s={search_term_string}"},"query-input":{"@type":"PropertyValueSpecification","valueRequired":true,"valueName":"search_term_string"}}],"inLanguage":"en-GB"},{"@type":"Organization","@id":"https:\/\/montylitfest.com\/#organization","name":"Monty Lit Fest","url":"https:\/\/montylitfest.com\/","logo":{"@type":"ImageObject","inLanguage":"en-GB","@id":"https:\/\/montylitfest.com\/#\/schema\/logo\/image\/","url":"https:\/\/montylitfest.com\/wp-content\/uploads\/2022\/03\/MLF-Logo-with-dates.jpg","contentUrl":"https:\/\/montylitfest.com\/wp-content\/uploads\/2022\/03\/MLF-Logo-with-dates.jpg","width":1758,"height":770,"caption":"Monty Lit Fest"},"image":{"@id":"https:\/\/montylitfest.com\/#\/schema\/logo\/image\/"},"sameAs":["https:\/\/www.facebook.com\/montylitfest\/","https:\/\/x.com\/montylitfest","https:\/\/www.instagram.com\/montylitfest\/"]}]}},"jetpack_likes_enabled":true,"jetpack_sharing_enabled":true,"_links":{"self":[{"href":"https:\/\/montylitfest.com\/index.php?rest_route=\/wp\/v2\/pages\/7512","targetHints":{"allow":["GET"]}}],"collection":[{"href":"https:\/\/montylitfest.com\/index.php?rest_route=\/wp\/v2\/pages"}],"about":[{"href":"https:\/\/montylitfest.com\/index.php?rest_route=\/wp\/v2\/types\/page"}],"author":[{"embeddable":true,"href":"https:\/\/montylitfest.com\/index.php?rest_route=\/wp\/v2\/users\/6"}],"replies":[{"embeddable":true,"href":"https:\/\/montylitfest.com\/index.php?rest_route=%2Fwp%2Fv2%2Fcomments&post=7512"}],"version-history":[{"count":26,"href":"https:\/\/montylitfest.com\/index.php?rest_route=\/wp\/v2\/pages\/7512\/revisions"}],"predecessor-version":[{"id":8361,"href":"https:\/\/montylitfest.com\/index.php?rest_route=\/wp\/v2\/pages\/7512\/revisions\/8361"}],"wp:attachment":[{"href":"https:\/\/montylitfest.com\/index.php?rest_route=%2Fwp%2Fv2%2Fmedia&parent=7512"}],"curies":[{"name":"wp","href":"https:\/\/api.w.org\/{rel}","templated":true}]}}