{"id":4504,"date":"2023-03-19T15:05:51","date_gmt":"2023-03-19T15:05:51","guid":{"rendered":"https:\/\/montylitfest.com\/?page_id=4504"},"modified":"2023-03-27T17:06:01","modified_gmt":"2023-03-27T17:06:01","slug":"2023-sunday-1230pm-sian-llywelyn","status":"publish","type":"page","link":"https:\/\/montylitfest.com\/?page_id=4504","title":{"rendered":"2023 Sunday &#8211; 12:30pm Si\u00e2n Llywelyn"},"content":{"rendered":"\t\t<div data-elementor-type=\"wp-page\" data-elementor-id=\"4504\" class=\"elementor elementor-4504\">\n\t\t\t\t\t\t<section class=\"elementor-section elementor-top-section elementor-element elementor-element-bba3989 elementor-section-boxed elementor-section-height-default elementor-section-height-default\" data-id=\"bba3989\" data-element_type=\"section\" data-e-type=\"section\">\n\t\t\t\t\t\t<div class=\"elementor-container elementor-column-gap-default\">\n\t\t\t\t\t<div class=\"elementor-column elementor-col-100 elementor-top-column elementor-element elementor-element-d569584\" data-id=\"d569584\" data-element_type=\"column\" data-e-type=\"column\">\n\t\t\t<div class=\"elementor-widget-wrap elementor-element-populated\">\n\t\t\t\t\t\t<div class=\"elementor-element elementor-element-c52e4d7 elementor-widget elementor-widget-text-editor\" data-id=\"c52e4d7\" data-element_type=\"widget\" data-e-type=\"widget\" data-widget_type=\"text-editor.default\">\n\t\t\t\t<div class=\"elementor-widget-container\">\n\t\t\t\t\t\t\t\t\t<p><span style=\"background-color: var(--ast-global-color-4); color: #4e8386; font-size: 26px; font-style: inherit; font-weight: bold; white-space: pre-wrap;\">\u00a0<\/span><\/p><p><span style=\"color: #4e8386;\"><span style=\"font-size: 26px; white-space: pre-wrap;\"><b><span style=\"font-size: 26px; font-weight: bold; white-space: pre-wrap; font-style: inherit; background-color: transparent;\">Ysgrifennu yn y Gymraeg<\/span><\/b><\/span><\/span><\/p><p><span style=\"color: #4e8386;\"><span style=\"font-size: 26px; white-space: pre-wrap;\"><b>DAROGAN: Si\u00e2n Llywelyn yn trafod ei nofel newydd efo Mari Lovgreen <\/b><\/span><\/span><\/p>\t\t\t\t\t\t\t\t<\/div>\n\t\t\t\t<\/div>\n\t\t\t\t\t<\/div>\n\t\t<\/div>\n\t\t\t\t\t<\/div>\n\t\t<\/section>\n\t\t\t\t<section class=\"elementor-section elementor-top-section elementor-element elementor-element-78392df elementor-section-boxed elementor-section-height-default elementor-section-height-default\" data-id=\"78392df\" data-element_type=\"section\" data-e-type=\"section\">\n\t\t\t\t\t\t<div class=\"elementor-container elementor-column-gap-default\">\n\t\t\t\t\t<div class=\"elementor-column elementor-col-100 elementor-top-column elementor-element elementor-element-3b13f02\" data-id=\"3b13f02\" data-element_type=\"column\" data-e-type=\"column\">\n\t\t\t<div class=\"elementor-widget-wrap elementor-element-populated\">\n\t\t\t\t\t\t<div class=\"elementor-element elementor-element-0aef8cc elementor-widget elementor-widget-image\" data-id=\"0aef8cc\" data-element_type=\"widget\" data-e-type=\"widget\" data-widget_type=\"image.default\">\n\t\t\t\t<div class=\"elementor-widget-container\">\n\t\t\t\t\t\t\t\t\t\t\t\t\t\t\t<img fetchpriority=\"high\" decoding=\"async\" width=\"768\" height=\"498\" src=\"https:\/\/montylitfest.com\/wp-content\/uploads\/2023\/03\/Darogan-gyda-Sian-Llywelyn-768x498.png\" class=\"attachment-medium_large size-medium_large wp-image-4376\" alt=\"\" srcset=\"https:\/\/montylitfest.com\/wp-content\/uploads\/2023\/03\/Darogan-gyda-Sian-Llywelyn-768x498.png 768w, https:\/\/montylitfest.com\/wp-content\/uploads\/2023\/03\/Darogan-gyda-Sian-Llywelyn-300x194.png 300w, https:\/\/montylitfest.com\/wp-content\/uploads\/2023\/03\/Darogan-gyda-Sian-Llywelyn.png 923w\" sizes=\"(max-width: 768px) 100vw, 768px\" \/>\t\t\t\t\t\t\t\t\t\t\t\t\t\t\t<\/div>\n\t\t\t\t<\/div>\n\t\t\t\t\t<\/div>\n\t\t<\/div>\n\t\t\t\t\t<\/div>\n\t\t<\/section>\n\t\t\t\t<section class=\"elementor-section elementor-top-section elementor-element elementor-element-891929b elementor-section-boxed elementor-section-height-default elementor-section-height-default\" data-id=\"891929b\" data-element_type=\"section\" data-e-type=\"section\">\n\t\t\t\t\t\t<div class=\"elementor-container elementor-column-gap-default\">\n\t\t\t\t\t<div class=\"elementor-column elementor-col-100 elementor-top-column elementor-element elementor-element-7e4f518\" data-id=\"7e4f518\" data-element_type=\"column\" data-e-type=\"column\">\n\t\t\t<div class=\"elementor-widget-wrap elementor-element-populated\">\n\t\t\t\t\t\t<div class=\"elementor-element elementor-element-ec1d579 elementor-widget elementor-widget-text-editor\" data-id=\"ec1d579\" data-element_type=\"widget\" data-e-type=\"widget\" data-widget_type=\"text-editor.default\">\n\t\t\t\t<div class=\"elementor-widget-container\">\n\t\t\t\t\t\t\t\t\t<p><strong>Dyddiad:\u00a0 Dydd Sul 11eg Mehefin 2023<\/strong><\/p><p><strong>Lleoliad: Y Den, yng Nghwesty\u2019r Draig<\/strong><\/p><p><strong>Amser: 12.30-1.15pm<\/strong><\/p><p><strong>Tocynnau: \u00a38.00<\/strong><\/p>\t\t\t\t\t\t\t\t<\/div>\n\t\t\t\t<\/div>\n\t\t\t\t\t<\/div>\n\t\t<\/div>\n\t\t\t\t\t<\/div>\n\t\t<\/section>\n\t\t\t\t<section class=\"elementor-section elementor-top-section elementor-element elementor-element-6d323ea elementor-section-boxed elementor-section-height-default elementor-section-height-default\" data-id=\"6d323ea\" data-element_type=\"section\" data-e-type=\"section\">\n\t\t\t\t\t\t<div class=\"elementor-container elementor-column-gap-default\">\n\t\t\t\t\t<div class=\"elementor-column elementor-col-100 elementor-top-column elementor-element elementor-element-14d1f74\" data-id=\"14d1f74\" data-element_type=\"column\" data-e-type=\"column\">\n\t\t\t<div class=\"elementor-widget-wrap elementor-element-populated\">\n\t\t\t\t\t\t<div class=\"elementor-element elementor-element-ea22ab2 elementor-widget elementor-widget-text-editor\" data-id=\"ea22ab2\" data-element_type=\"widget\" data-e-type=\"widget\" data-widget_type=\"text-editor.default\">\n\t\t\t\t<div class=\"elementor-widget-container\">\n\t\t\t\t\t\t\t\t\t<p>Mae\u2019r \u2018X-Files\u2019 yn dod i Ddolgellau yn nofel ddiweddaraf Si\u00e2n Llywelyn.<\/p><p>Mewn lleoliad anhysbys yn Nolgellau mae pencadlys asiantaeth gudd sy&#8217;n ymchwilio i ddigwyddiadau anesboniadwy a goruwchnaturiol. Wrth i Beca a Ceri F\u00f4n gydweithio i geisio datrys sawl dirgelwch, maent yn cael eu tynnu&#8217;n \u00f4l i orffennol dyrys Cymru, ac yn darganfod nad o&#8217;r tu allan yn unig mae&#8217;r bygythiad.<\/p><p><strong>Si\u00e2n Llywelyn<\/strong>, 42, bron yn 43 o Benrhyndeudraeth, ond nid yn ddieithr i Faldwyn chwaith. Bu\u2019n athrawes Ail iaith yn Llanfyllin am bron i ddeng mynedd a byw yng Nglascwm, Bwlch y Cibau am wyth mlynedd. Mae hi bellach yn \u00f4l yng nghartref y teulu ac yn dilyn PhD mewn ysgrifennu creadigol ym Mangor. Sian wedi cyhoeddi dwy nofel : Drychwll 2020 a DAROGAN 2022.<\/p><p>Cyflwynydd, actores ac awdures o Gaernarfon ydi <strong>Mari Lovgreen<\/strong> ond sydd bellach yn byw efo\u2019i theulu ar fferm yn Llanerfyl. Mae ei gwaith ysgrifennu yn amrywio o lyfrau plant i lyfr ar sut beth yw cael \u2018Br\u00ean Babi\u2019, ac at sgriptio sgetshes i blant ar raglenni Stwnsh a Cyw. Yn ogystal ag ysgrifennu llyfrau, mae Mari wedi cyflwyno amrywiaeth o raglenni ar S4C, ac ar hyn o bryd mae hi brysuraf efo\u2019r gyfres arbennig Cefn Gwlad.<\/p><p>\u00a0<\/p>\t\t\t\t\t\t\t\t<\/div>\n\t\t\t\t<\/div>\n\t\t\t\t\t<\/div>\n\t\t<\/div>\n\t\t\t\t\t<\/div>\n\t\t<\/section>\n\t\t\t\t<section class=\"elementor-section elementor-top-section elementor-element elementor-element-9e74b7c elementor-section-boxed elementor-section-height-default elementor-section-height-default\" data-id=\"9e74b7c\" data-element_type=\"section\" data-e-type=\"section\">\n\t\t\t\t\t\t<div class=\"elementor-container elementor-column-gap-default\">\n\t\t\t\t\t<div class=\"elementor-column elementor-col-100 elementor-top-column elementor-element elementor-element-d2c8430\" data-id=\"d2c8430\" data-element_type=\"column\" data-e-type=\"column\">\n\t\t\t<div class=\"elementor-widget-wrap elementor-element-populated\">\n\t\t\t\t\t\t<div class=\"elementor-element elementor-element-8ead9e5 elementor-align-center elementor-widget elementor-widget-button\" data-id=\"8ead9e5\" data-element_type=\"widget\" data-e-type=\"widget\" data-widget_type=\"button.default\">\n\t\t\t\t<div class=\"elementor-widget-container\">\n\t\t\t\t\t\t\t\t\t<div class=\"elementor-button-wrapper\">\n\t\t\t\t\t<a class=\"elementor-button elementor-button-link elementor-size-sm\" href=\"https:\/\/ticketlab.co.uk\/event\/id\/16003\" target=\"_blank\">\n\t\t\t\t\t\t<span class=\"elementor-button-content-wrapper\">\n\t\t\t\t\t\t\t\t\t<span class=\"elementor-button-text\">BUY TICKETS<\/span>\n\t\t\t\t\t<\/span>\n\t\t\t\t\t<\/a>\n\t\t\t\t<\/div>\n\t\t\t\t\t\t\t\t<\/div>\n\t\t\t\t<\/div>\n\t\t\t\t\t<\/div>\n\t\t<\/div>\n\t\t\t\t\t<\/div>\n\t\t<\/section>\n\t\t\t\t<section class=\"elementor-section elementor-top-section elementor-element elementor-element-fa57691 elementor-section-boxed elementor-section-height-default elementor-section-height-default\" data-id=\"fa57691\" data-element_type=\"section\" data-e-type=\"section\">\n\t\t\t\t\t\t<div class=\"elementor-container elementor-column-gap-default\">\n\t\t\t\t\t<div class=\"elementor-column elementor-col-100 elementor-top-column elementor-element elementor-element-aa33520\" data-id=\"aa33520\" data-element_type=\"column\" data-e-type=\"column\">\n\t\t\t<div class=\"elementor-widget-wrap elementor-element-populated\">\n\t\t\t\t\t\t<div class=\"elementor-element elementor-element-ea7800a elementor-widget elementor-widget-text-editor\" data-id=\"ea7800a\" data-element_type=\"widget\" data-e-type=\"widget\" data-widget_type=\"text-editor.default\">\n\t\t\t\t<div class=\"elementor-widget-container\">\n\t\t\t\t\t\t\t\t\t<p><a href=\"https:\/\/montylitfest.com\/?page_id=4135\"><strong>Back to programme listing<\/strong><\/a><\/p>\t\t\t\t\t\t\t\t<\/div>\n\t\t\t\t<\/div>\n\t\t\t\t\t<\/div>\n\t\t<\/div>\n\t\t\t\t\t<\/div>\n\t\t<\/section>\n\t\t\t\t<\/div>\n\t\t","protected":false},"excerpt":{"rendered":"<p>\u00a0 Ysgrifennu yn y Gymraeg DAROGAN: Si\u00e2n Llywelyn yn trafod ei nofel newydd efo Mari Lovgreen Dyddiad:\u00a0 Dydd Sul 11eg Mehefin 2023 Lleoliad: Y Den, yng Nghwesty\u2019r Draig Amser: 12.30-1.15pm Tocynnau: \u00a38.00 Mae\u2019r \u2018X-Files\u2019 yn dod i Ddolgellau yn nofel ddiweddaraf Si\u00e2n Llywelyn. Mewn lleoliad anhysbys yn Nolgellau mae pencadlys asiantaeth gudd sy&#8217;n ymchwilio i &hellip;<\/p>\n<p class=\"read-more\"> <a class=\"\" href=\"https:\/\/montylitfest.com\/?page_id=4504\"> <span class=\"screen-reader-text\">2023 Sunday &#8211; 12:30pm Si\u00e2n Llywelyn<\/span> Read More &raquo;<\/a><\/p>\n","protected":false},"author":6,"featured_media":0,"parent":0,"menu_order":0,"comment_status":"closed","ping_status":"closed","template":"","meta":{"site-sidebar-layout":"no-sidebar","site-content-layout":"page-builder","ast-global-header-display":"","ast-banner-title-visibility":"","ast-main-header-display":"","ast-hfb-above-header-display":"","ast-hfb-below-header-display":"","ast-hfb-mobile-header-display":"","site-post-title":"disabled","ast-breadcrumbs-content":"","ast-featured-img":"disabled","footer-sml-layout":"","theme-transparent-header-meta":"default","adv-header-id-meta":"","stick-header-meta":"","header-above-stick-meta":"","header-main-stick-meta":"","header-below-stick-meta":"","footnotes":""},"class_list":["post-4504","page","type-page","status-publish","hentry"],"yoast_head":"<!-- This site is optimized with the Yoast SEO Premium plugin v22.1 (Yoast SEO v26.9) - https:\/\/yoast.com\/product\/yoast-seo-premium-wordpress\/ -->\n<title>G\u0175yl Ll\u00ean Maldwyn 2023: Darogan gyda Si\u00e2n Llywelyn<\/title>\n<meta name=\"description\" content=\"Mewn lleoliad anhysbys yn Nolgellau mae pencadlys asiantaeth gudd sy&#039;n ymchwilio i ddigwyddiadau anesboniadwy a goruwchnaturiol. Wrth i Beca a Ceri F\u00f4n gydweithio i geisio datrys sawl dirgelwch, maent yn cael eu tynnu&#039;n \u00f4l i orffennol dyrys Cymru, ac yn darganfod nad o&#039;r tu allan yn unig mae&#039;r bygythiad.\" \/>\n<meta name=\"robots\" content=\"index, follow, max-snippet:-1, max-image-preview:large, max-video-preview:-1\" \/>\n<link rel=\"canonical\" href=\"https:\/\/montylitfest.com\/?page_id=4504\" \/>\n<meta property=\"og:locale\" content=\"en_GB\" \/>\n<meta property=\"og:type\" content=\"article\" \/>\n<meta property=\"og:title\" content=\"2023 Sunday - 12:30pm Si\u00e2n Llywelyn\" \/>\n<meta property=\"og:description\" content=\"Mewn lleoliad anhysbys yn Nolgellau mae pencadlys asiantaeth gudd sy&#039;n ymchwilio i ddigwyddiadau anesboniadwy a goruwchnaturiol. Wrth i Beca a Ceri F\u00f4n gydweithio i geisio datrys sawl dirgelwch, maent yn cael eu tynnu&#039;n \u00f4l i orffennol dyrys Cymru, ac yn darganfod nad o&#039;r tu allan yn unig mae&#039;r bygythiad.\" \/>\n<meta property=\"og:url\" content=\"https:\/\/montylitfest.com\/?page_id=4504\" \/>\n<meta property=\"og:site_name\" content=\"Monty Lit Fest - G\u0175yl Ll\u00ean Maldwyn, Montgomeryshire Literary Festival\" \/>\n<meta property=\"article:publisher\" content=\"https:\/\/www.facebook.com\/montylitfest\/\" \/>\n<meta property=\"article:modified_time\" content=\"2023-03-27T17:06:01+00:00\" \/>\n<meta property=\"og:image\" content=\"https:\/\/montylitfest.com\/wp-content\/uploads\/2023\/03\/Darogan-gyda-Sian-Llywelyn-768x498.png\" \/>\n<meta name=\"twitter:card\" content=\"summary_large_image\" \/>\n<meta name=\"twitter:site\" content=\"@montylitfest\" \/>\n<meta name=\"twitter:label1\" content=\"Estimated reading time\" \/>\n\t<meta name=\"twitter:data1\" content=\"3 minutes\" \/>\n<script type=\"application\/ld+json\" class=\"yoast-schema-graph\">{\"@context\":\"https:\/\/schema.org\",\"@graph\":[{\"@type\":\"WebPage\",\"@id\":\"https:\/\/montylitfest.com\/?page_id=4504\",\"url\":\"https:\/\/montylitfest.com\/?page_id=4504\",\"name\":\"G\u0175yl Ll\u00ean Maldwyn 2023: Darogan gyda Si\u00e2n Llywelyn\",\"isPartOf\":{\"@id\":\"https:\/\/montylitfest.com\/#website\"},\"primaryImageOfPage\":{\"@id\":\"https:\/\/montylitfest.com\/?page_id=4504#primaryimage\"},\"image\":{\"@id\":\"https:\/\/montylitfest.com\/?page_id=4504#primaryimage\"},\"thumbnailUrl\":\"https:\/\/montylitfest.com\/wp-content\/uploads\/2023\/03\/Darogan-gyda-Sian-Llywelyn-768x498.png\",\"datePublished\":\"2023-03-19T15:05:51+00:00\",\"dateModified\":\"2023-03-27T17:06:01+00:00\",\"description\":\"Mewn lleoliad anhysbys yn Nolgellau mae pencadlys asiantaeth gudd sy'n ymchwilio i ddigwyddiadau anesboniadwy a goruwchnaturiol. Wrth i Beca a Ceri F\u00f4n gydweithio i geisio datrys sawl dirgelwch, maent yn cael eu tynnu'n \u00f4l i orffennol dyrys Cymru, ac yn darganfod nad o'r tu allan yn unig mae'r bygythiad.\",\"breadcrumb\":{\"@id\":\"https:\/\/montylitfest.com\/?page_id=4504#breadcrumb\"},\"inLanguage\":\"en-GB\",\"potentialAction\":[{\"@type\":\"ReadAction\",\"target\":[\"https:\/\/montylitfest.com\/?page_id=4504\"]}]},{\"@type\":\"ImageObject\",\"inLanguage\":\"en-GB\",\"@id\":\"https:\/\/montylitfest.com\/?page_id=4504#primaryimage\",\"url\":\"https:\/\/montylitfest.com\/wp-content\/uploads\/2023\/03\/Darogan-gyda-Sian-Llywelyn.png\",\"contentUrl\":\"https:\/\/montylitfest.com\/wp-content\/uploads\/2023\/03\/Darogan-gyda-Sian-Llywelyn.png\",\"width\":923,\"height\":598},{\"@type\":\"BreadcrumbList\",\"@id\":\"https:\/\/montylitfest.com\/?page_id=4504#breadcrumb\",\"itemListElement\":[{\"@type\":\"ListItem\",\"position\":1,\"name\":\"Home\",\"item\":\"https:\/\/montylitfest.com\/\"},{\"@type\":\"ListItem\",\"position\":2,\"name\":\"2023 Sunday &#8211; 12:30pm Si\u00e2n Llywelyn\"}]},{\"@type\":\"WebSite\",\"@id\":\"https:\/\/montylitfest.com\/#website\",\"url\":\"https:\/\/montylitfest.com\/\",\"name\":\"Monty Lit Fest - G\u0175yl Ll\u00ean Maldwyn, Montgomeryshire Literary Festival\",\"description\":\"\",\"publisher\":{\"@id\":\"https:\/\/montylitfest.com\/#organization\"},\"potentialAction\":[{\"@type\":\"SearchAction\",\"target\":{\"@type\":\"EntryPoint\",\"urlTemplate\":\"https:\/\/montylitfest.com\/?s={search_term_string}\"},\"query-input\":{\"@type\":\"PropertyValueSpecification\",\"valueRequired\":true,\"valueName\":\"search_term_string\"}}],\"inLanguage\":\"en-GB\"},{\"@type\":\"Organization\",\"@id\":\"https:\/\/montylitfest.com\/#organization\",\"name\":\"Monty Lit Fest\",\"url\":\"https:\/\/montylitfest.com\/\",\"logo\":{\"@type\":\"ImageObject\",\"inLanguage\":\"en-GB\",\"@id\":\"https:\/\/montylitfest.com\/#\/schema\/logo\/image\/\",\"url\":\"https:\/\/montylitfest.com\/wp-content\/uploads\/2022\/03\/MLF-Logo-with-dates.jpg\",\"contentUrl\":\"https:\/\/montylitfest.com\/wp-content\/uploads\/2022\/03\/MLF-Logo-with-dates.jpg\",\"width\":1758,\"height\":770,\"caption\":\"Monty Lit Fest\"},\"image\":{\"@id\":\"https:\/\/montylitfest.com\/#\/schema\/logo\/image\/\"},\"sameAs\":[\"https:\/\/www.facebook.com\/montylitfest\/\",\"https:\/\/x.com\/montylitfest\",\"https:\/\/www.instagram.com\/montylitfest\/\"]}]}<\/script>\n<!-- \/ Yoast SEO Premium plugin. -->","yoast_head_json":{"title":"G\u0175yl Ll\u00ean Maldwyn 2023: Darogan gyda Si\u00e2n Llywelyn","description":"Mewn lleoliad anhysbys yn Nolgellau mae pencadlys asiantaeth gudd sy'n ymchwilio i ddigwyddiadau anesboniadwy a goruwchnaturiol. Wrth i Beca a Ceri F\u00f4n gydweithio i geisio datrys sawl dirgelwch, maent yn cael eu tynnu'n \u00f4l i orffennol dyrys Cymru, ac yn darganfod nad o'r tu allan yn unig mae'r bygythiad.","robots":{"index":"index","follow":"follow","max-snippet":"max-snippet:-1","max-image-preview":"max-image-preview:large","max-video-preview":"max-video-preview:-1"},"canonical":"https:\/\/montylitfest.com\/?page_id=4504","og_locale":"en_GB","og_type":"article","og_title":"2023 Sunday - 12:30pm Si\u00e2n Llywelyn","og_description":"Mewn lleoliad anhysbys yn Nolgellau mae pencadlys asiantaeth gudd sy'n ymchwilio i ddigwyddiadau anesboniadwy a goruwchnaturiol. Wrth i Beca a Ceri F\u00f4n gydweithio i geisio datrys sawl dirgelwch, maent yn cael eu tynnu'n \u00f4l i orffennol dyrys Cymru, ac yn darganfod nad o'r tu allan yn unig mae'r bygythiad.","og_url":"https:\/\/montylitfest.com\/?page_id=4504","og_site_name":"Monty Lit Fest - G\u0175yl Ll\u00ean Maldwyn, Montgomeryshire Literary Festival","article_publisher":"https:\/\/www.facebook.com\/montylitfest\/","article_modified_time":"2023-03-27T17:06:01+00:00","og_image":[{"url":"https:\/\/montylitfest.com\/wp-content\/uploads\/2023\/03\/Darogan-gyda-Sian-Llywelyn-768x498.png","type":"","width":"","height":""}],"twitter_card":"summary_large_image","twitter_site":"@montylitfest","twitter_misc":{"Estimated reading time":"3 minutes"},"schema":{"@context":"https:\/\/schema.org","@graph":[{"@type":"WebPage","@id":"https:\/\/montylitfest.com\/?page_id=4504","url":"https:\/\/montylitfest.com\/?page_id=4504","name":"G\u0175yl Ll\u00ean Maldwyn 2023: Darogan gyda Si\u00e2n Llywelyn","isPartOf":{"@id":"https:\/\/montylitfest.com\/#website"},"primaryImageOfPage":{"@id":"https:\/\/montylitfest.com\/?page_id=4504#primaryimage"},"image":{"@id":"https:\/\/montylitfest.com\/?page_id=4504#primaryimage"},"thumbnailUrl":"https:\/\/montylitfest.com\/wp-content\/uploads\/2023\/03\/Darogan-gyda-Sian-Llywelyn-768x498.png","datePublished":"2023-03-19T15:05:51+00:00","dateModified":"2023-03-27T17:06:01+00:00","description":"Mewn lleoliad anhysbys yn Nolgellau mae pencadlys asiantaeth gudd sy'n ymchwilio i ddigwyddiadau anesboniadwy a goruwchnaturiol. Wrth i Beca a Ceri F\u00f4n gydweithio i geisio datrys sawl dirgelwch, maent yn cael eu tynnu'n \u00f4l i orffennol dyrys Cymru, ac yn darganfod nad o'r tu allan yn unig mae'r bygythiad.","breadcrumb":{"@id":"https:\/\/montylitfest.com\/?page_id=4504#breadcrumb"},"inLanguage":"en-GB","potentialAction":[{"@type":"ReadAction","target":["https:\/\/montylitfest.com\/?page_id=4504"]}]},{"@type":"ImageObject","inLanguage":"en-GB","@id":"https:\/\/montylitfest.com\/?page_id=4504#primaryimage","url":"https:\/\/montylitfest.com\/wp-content\/uploads\/2023\/03\/Darogan-gyda-Sian-Llywelyn.png","contentUrl":"https:\/\/montylitfest.com\/wp-content\/uploads\/2023\/03\/Darogan-gyda-Sian-Llywelyn.png","width":923,"height":598},{"@type":"BreadcrumbList","@id":"https:\/\/montylitfest.com\/?page_id=4504#breadcrumb","itemListElement":[{"@type":"ListItem","position":1,"name":"Home","item":"https:\/\/montylitfest.com\/"},{"@type":"ListItem","position":2,"name":"2023 Sunday &#8211; 12:30pm Si\u00e2n Llywelyn"}]},{"@type":"WebSite","@id":"https:\/\/montylitfest.com\/#website","url":"https:\/\/montylitfest.com\/","name":"Monty Lit Fest - G\u0175yl Ll\u00ean Maldwyn, Montgomeryshire Literary Festival","description":"","publisher":{"@id":"https:\/\/montylitfest.com\/#organization"},"potentialAction":[{"@type":"SearchAction","target":{"@type":"EntryPoint","urlTemplate":"https:\/\/montylitfest.com\/?s={search_term_string}"},"query-input":{"@type":"PropertyValueSpecification","valueRequired":true,"valueName":"search_term_string"}}],"inLanguage":"en-GB"},{"@type":"Organization","@id":"https:\/\/montylitfest.com\/#organization","name":"Monty Lit Fest","url":"https:\/\/montylitfest.com\/","logo":{"@type":"ImageObject","inLanguage":"en-GB","@id":"https:\/\/montylitfest.com\/#\/schema\/logo\/image\/","url":"https:\/\/montylitfest.com\/wp-content\/uploads\/2022\/03\/MLF-Logo-with-dates.jpg","contentUrl":"https:\/\/montylitfest.com\/wp-content\/uploads\/2022\/03\/MLF-Logo-with-dates.jpg","width":1758,"height":770,"caption":"Monty Lit Fest"},"image":{"@id":"https:\/\/montylitfest.com\/#\/schema\/logo\/image\/"},"sameAs":["https:\/\/www.facebook.com\/montylitfest\/","https:\/\/x.com\/montylitfest","https:\/\/www.instagram.com\/montylitfest\/"]}]}},"jetpack_likes_enabled":true,"jetpack_sharing_enabled":true,"_links":{"self":[{"href":"https:\/\/montylitfest.com\/index.php?rest_route=\/wp\/v2\/pages\/4504","targetHints":{"allow":["GET"]}}],"collection":[{"href":"https:\/\/montylitfest.com\/index.php?rest_route=\/wp\/v2\/pages"}],"about":[{"href":"https:\/\/montylitfest.com\/index.php?rest_route=\/wp\/v2\/types\/page"}],"author":[{"embeddable":true,"href":"https:\/\/montylitfest.com\/index.php?rest_route=\/wp\/v2\/users\/6"}],"replies":[{"embeddable":true,"href":"https:\/\/montylitfest.com\/index.php?rest_route=%2Fwp%2Fv2%2Fcomments&post=4504"}],"version-history":[{"count":40,"href":"https:\/\/montylitfest.com\/index.php?rest_route=\/wp\/v2\/pages\/4504\/revisions"}],"predecessor-version":[{"id":5524,"href":"https:\/\/montylitfest.com\/index.php?rest_route=\/wp\/v2\/pages\/4504\/revisions\/5524"}],"wp:attachment":[{"href":"https:\/\/montylitfest.com\/index.php?rest_route=%2Fwp%2Fv2%2Fmedia&parent=4504"}],"curies":[{"name":"wp","href":"https:\/\/api.w.org\/{rel}","templated":true}]}}